{"id":51,"date":"2025-05-16T17:10:32","date_gmt":"2025-05-16T17:10:32","guid":{"rendered":"https:\/\/ff-sasel.de\/?page_id=51"},"modified":"2025-05-16T18:17:11","modified_gmt":"2025-05-16T18:17:11","slug":"ueber-uns","status":"publish","type":"page","link":"https:\/\/ff-sasel.de\/?page_id=51","title":{"rendered":"\u00dcber Uns"},"content":{"rendered":"\n<div class=\"wp-block-group is-vertical is-layout-flex wp-container-core-group-is-layout-8cf370e7 wp-block-group-is-layout-flex\">\n<div class=\"wp-block-group is-vertical is-layout-flex wp-container-core-group-is-layout-8cad6afd wp-block-group-is-layout-flex\">\n<h2 class=\"wp-block-heading\">Wissenswertes<\/h2>\n\n\n\n<details class=\"wp-block-details has-black-color has-text-color has-link-color wp-elements-1c17585798a6c8d27b141b91e8090cd4 is-layout-flow wp-block-details-is-layout-flow\"><summary>Wann sind wir einsatzbereit?<\/summary>\n<p>Kurz gesagt: Fast immer.<\/p>\n\n\n\n<p>Wenn man bei der Arbeit ist, bei einer Geburtstagsfeier, oder morgens um vier. Ein Einsatz kann immer kommen. Leider sind wir hin und wieder gezwungen au\u00dfer Dienst zu gehen, so zum Beispiel, wenn zu wenig Kameraden in Sasel sind, da viele in der Stadt arbeiten. Da wir personell aber recht gut aufgestellt sind, k\u00f6nnen wir die meiste Zeit auch tags\u00fcber einsatzbereit sein. Dabei unterst\u00fctzen uns tags\u00fcber Kameraden aus umliegenden Wehren, welche in unserem Einsatzgebiet arbeiten.<\/p>\n<\/details>\n\n\n\n<details class=\"wp-block-details has-black-color has-text-color has-link-color wp-elements-2e3a3ed0f43dc375a220c584959db788 is-layout-flow wp-block-details-is-layout-flow\"><summary>Woher wissen wir, wann Alarm ist?<\/summary>\n<p>Fr\u00fcher wurden wir \u00fcber Sirenen alarmiert. Heute haben alle unsere Kameraden einen sogenannten Digitalen Meldeempf\u00e4nger, kurz DME, bei sich. Dieser l\u00f6st im Falle eines Alarms aus und informiert uns \u00fcber den Einsatzort und die Art des Notfalls mit einem Einsatzstichwort. Des Weiteren gibt es eine Handyapp die ebenfalls \u00fcber den Einsatzort und die Art des Notfalls informiert. So steht zum Beispiel \u201eFEUY\u201c f\u00fcr&nbsp;<em>\u201eFeuer mit Menschenleben in Gefahr\u201c<\/em>, \u201eTHE\u201c f\u00fcr&nbsp;<em>\u201eTechnische Hilfeleistung mit Explosionsgefahr\u201c<\/em>&nbsp;oder \u201eDRZF\u201c f\u00fcr&nbsp;<em>\u201eDroht zu fallen\u201c<\/em>. Daraufhin fahren die Kameraden zur Wache, ziehen sich dort ihre Schutzkleidung an, besetzen die&nbsp;L\u00f6schfahrzeuge&nbsp;und fahren zum Einsatzort. Unser&nbsp;erstes Fahrzeug&nbsp;f\u00e4hrt in der Regel bereits nach ungef\u00e4hr drei Minuten raus.<\/p>\n<\/details>\n\n\n\n<details class=\"wp-block-details has-black-color has-text-color has-link-color wp-elements-f108d73efd1af98912a088adcd5f3678 is-layout-flow wp-block-details-is-layout-flow\"><summary>Was haben wir als Schutzkleidung?<\/summary>\n<p>Wenn man der Feuerwehr beitritt, erh\u00e4lt man bei Aufnahme in die Wehr eine Ersteinkleidung. So bekommt man einen \u201eBonner Anzug\u201c, bestehend aus feuerfester Diensthose und -Jacke. Dazu mehrere T-Shirts, Pullover und eine M\u00fctze. Weiter noch eine Uniform f\u00fcr besondere Anl\u00e4sse. <\/p>\n\n\n\n<p>Au\u00dferdem bekommt man einen Einsatz-Schutzanzug, bestehend aus \u00dcberjacke und -Hose, genannt V- oder H-Force-Anzug, einen Helm, Einsatzstiefel, TH-Handschuhe und Brandschutzhandschuhe. <\/p>\n\n\n\n<p>Nach dem Lehrgang zum Atemschutzger\u00e4tetr\u00e4ger bekommt man eine Flammschutzhaube, die Nacken und Ohren im Innenangriff vor Flammen sch\u00fctzt. Dazu kommt noch eine Atemschutzmaske, die mit einer Atemluftflasche verbunden ist und uns so im Innenangriff vor giftigen Gasen sch\u00fctzt.<\/p>\n\n\n\n<p>Je nach Einsatzart tragen wir zus\u00e4tzlich noch etwas ganz anderes: Zum Arbeiten mit der Kettens\u00e4ge tragen wir Schnittschutzkleidung, beim Fahren mit Booten eine Rettungsweste und, wenn es notwendig ist, Chemikalien- oder Hitzeschutzkleidung.<\/p>\n<\/details>\n\n\n\n<details class=\"wp-block-details has-black-color has-text-color has-link-color wp-elements-eeb93d080808a09eae4b74ca5fd50263 is-layout-flow wp-block-details-is-layout-flow\"><summary>Wie sch\u00fctzen wir uns bei einem Feuer vor Rauch?<\/summary>\n<p>Rauch ist sehr giftig und kann langfristig krebserregend sein. Um uns selber zu sch\u00fctzen und \u00fcberhaupt Menschen aus brennenden Geb\u00e4uden retten zu k\u00f6nnen, haben wir sogenannte Pressluftatmer. Diese haben in einer Composite-Flasche komprimierte, normale Atemluft, so wie wir sie st\u00e4ndig einatmen. Nicht, wie viele denken, Sauerstoff.<br>Diese Atemluft steht unter einem hohen Druck, um m\u00f6glichst viel Luftvorrat zur Verf\u00fcgung zu haben. Ein Fahrradreifen hat ungef\u00e4hr drei bar Druck, unsere Atemluftflaschen haben 300 bar, also das 100-fache. So k\u00f6nnen wir in einer knapp sieben Liter fassenden Flasche \u00fcber 2.000 Liter Atemluft mit uns tragen. Trotzdem betr\u00e4gt die Einsatzzeit, und damit die Zeit die wir f\u00fcr Hin- und R\u00fcckweg, sowie zum Retten und zur Brandbek\u00e4mpfung haben, nur circa 20 Minuten. Danach muss der Atemschutzger\u00e4tetr\u00e4ger eine Pause einlegen und falls weiterer Bedarf besteht ein neues Ger\u00e4t in Benutzung nehmen und kann dann wieder circa 20 Minuten in den Bereich des Rauches gehen.<\/p>\n\n\n\n<p>Bei Bedarf k\u00f6nnen wir noch auf Pressluftatmer mit zwei Flaschen zur\u00fcckgreifen. Mit diesen verdoppelt sich der Luftvorrat, und somit auch die Einsatzzeit.<\/p>\n<\/details>\n\n\n\n<details class=\"wp-block-details has-black-color has-text-color has-link-color wp-elements-9c58b57eaa3c5f5329898309efa960ee is-layout-flow wp-block-details-is-layout-flow\"><summary>Welche Fahrzeuge haben wir?<\/summary>\n<div class=\"wp-block-group\"><div class=\"wp-block-group__inner-container is-layout-constrained wp-block-group-is-layout-constrained\">\n<p>Wir bei der FF Sasel besitzen aktuell 3 Fahrzeuge.<\/p>\n<\/div><\/div>\n\n\n\n<p>Unser 1. Fahrzeug ist ein HLF 20. F\u00fcr weitere Infos: <a href=\"https:\/\/www.feuerwehr-hamburg.de\/fahrzeug\/hilfeleistungsloeschfahrzeug-hlf-20\/\">https:\/\/www.feuerwehr-hamburg.de\/fahrzeug\/hilfeleistungsloeschfahrzeug-hlf-20\/<\/a><\/p>\n\n\n\n<p>Unser 2. Fahrzeug ist ein LF KatS. F\u00fcr weitere Infos: <a href=\"https:\/\/www.feuerwehr-hamburg.de\/fahrzeug\/loeschfahrzeug-lf-kats-bund\/\">https:\/\/www.feuerwehr-hamburg.de\/fahrzeug\/loeschfahrzeug-lf-kats-bund\/<\/a><\/p>\n\n\n\n<p>Unser 3. Fahrzeug ist ein MTW. <\/p>\n<\/details>\n\n\n\n<details class=\"wp-block-details has-black-color has-text-color has-link-color wp-elements-16facf6c9b02209fbfe5d4c7b149c768 is-layout-flow wp-block-details-is-layout-flow\"><summary>Brauche ich einen F\u00fchrerschein?<\/summary>\n<p>Generell braucht man keinen F\u00fchrerschein, dieser wird erst erforderlich wenn man die Feuerwehrautos fahren will.<\/p>\n\n\n\n<p>Unsere L\u00f6schfahrzeuge sind gro\u00df und schwer. Das sieht man. LKW fahren darf aber nicht jeder. Um sicherzustellen, dass es gen\u00fcgend Fahrer f\u00fcr die L\u00f6schfahrzeuge gibt, hat die Feuerwehr Hamburg eine eigene Fahrschule. Dort kann jeder Kamerad, der mindestens drei Jahre einen F\u00fchrerschein der Klasse B besitzt und mindestens 21 Jahre alt ist, den LKW-F\u00fchrerschein erwerben. Die Kosten f\u00fcr den F\u00fchrerschein und den Betriebsarzt \u00fcbernimmt die Feuerwehr, genauso wie bei der Erneuerung alle f\u00fcnf Jahre. Wenn man dieses Angebot annimmt, verpflichtet man sich eine gewisse Zeit bei der Feuerwehr zu bleiben.<\/p>\n<\/details>\n\n\n\n<details class=\"wp-block-details has-black-color has-text-color has-link-color wp-elements-c346983657ed81c0100b212ac26d7bf5 is-layout-flow wp-block-details-is-layout-flow\"><summary>Kann ich auch mitmachen?<\/summary>\n<p>Du kannst mitmachen, wenn du zwischen 17 und 45 Jahren alt bist und m\u00f6chtest miterleben was es bedeutet anderen Menschen zu helfen. <\/p>\n\n\n\n<p>Du wohnst in Sasel und im besten Fall arbeitest du auch hier in Sasel, dies ist aber nicht zwingend erforderlich.<\/p>\n\n\n\n<p>Du hast Interesse dich freiwillig zu engagieren und hast technisches Wissen oder Interesse an der Technik der Einsatzger\u00e4te. <\/p>\n\n\n\n<p>Du hast kein Problem damit dreckig zu werden und richtig mit anzupacken, wenn es drauf ankommt.<\/p>\n\n\n\n<p>Du bist ein Teamplayer und hast Bock auf ein kameradschaftliches Miteinander und neue Freunde.<\/p>\n<\/details>\n\n\n\n<details class=\"wp-block-details has-black-color has-text-color has-link-color wp-elements-0f404670c5a5658368c4bcb917168402 is-layout-flow wp-block-details-is-layout-flow\"><summary>Wie fit muss man sein?<\/summary>\n<p>F\u00fcr den normalen Einsatzdienst sollte man eine gute Grundfitness mitbringen, da es viele schwere Ger\u00e4te wie den Akkuspreizer gibt die man bewegen muss und dar\u00fcber hinaus muss man zum Betriebsmediziner f\u00fcr die G26. <\/p>\n\n\n\n<p>Insbesondere das Arbeiten unter Atemschutz ist sehr belastend. Durch die ver\u00e4nderte Atemweise, die dicke Schutzkleidung, das Gewicht der Ausr\u00fcstung und die an sich anstrengende Arbeit m\u00fcssen unsere Atemschutzger\u00e4tetr\u00e4ger (AGT) jederzeit topfit sein. Um dies sicherzustellen, muss jeder von ihnen sp\u00e4testens alle drei Jahre zum Betriebsmediziner, wo neben Bluttests und diversen k\u00f6rperlichen Untersuchungen, ein Belastungs-EKG angefertigt wird. Des Weiteren muss jeder AGT einmal im Jahr in die \u201eMobile Atemschutzstrecke\u201c (MOBAS), einem Fitnesstest bestehend aus 4 \u00dcbungen und einem engen Stahlgitter-Labyrinth, um seine physische und psychische Belastbarkeit und auch seine Beweglichkeit unter Beweis zu stellen.<\/p>\n\n\n\n<p><br>Um uns fit zu halten und den Teamgeist zu st\u00e4rken, haben wir au\u00dferdem jeden Sonntag den Dienstsport.<\/p>\n<\/details>\n\n\n\n<div class=\"wp-block-group is-vertical is-layout-flex wp-container-core-group-is-layout-8cf370e7 wp-block-group-is-layout-flex\"><\/div>\n\n\n\n<hr class=\"wp-block-separator has-alpha-channel-opacity\"\/>\n\n\n\n<hr class=\"wp-block-separator has-alpha-channel-opacity is-style-wide\"\/>\n\n\n\n<div class=\"wp-block-group is-vertical is-layout-flex wp-container-core-group-is-layout-8cf370e7 wp-block-group-is-layout-flex\"><\/div>\n<\/div>\n<\/div>\n\n\n\n<p><\/p>\n\n\n\n<div class=\"wp-block-group is-vertical is-layout-flex wp-container-core-group-is-layout-8cf370e7 wp-block-group-is-layout-flex\">\n<div class=\"wp-block-group is-vertical is-layout-flex wp-container-core-group-is-layout-8cad6afd wp-block-group-is-layout-flex\">\n<h2 class=\"wp-block-heading\">Unser Wappen<\/h2>\n\n\n\n<p>Gestaltet und ver\u00f6ffentlicht im Jahre 2008, anl\u00e4sslich des 125. Jahres des Bestehens der Freiwilligen Feuerwehr Sasel. Heute ziert es nicht nur stolz unsere Fahrzeuge, sondern findet sich auch auf unseren Helmen und in unseren R\u00e4umlichkeiten wieder.<\/p>\n\n\n\n<p>Das Wappen der FF Sasel zeigt im ersten Feld das alte Saseler Rathaus, welches zur Zeit der Eigenst\u00e4ndigkeit der Gemeinde bis 1938 als solches genutzt wurde und nach dem 2. Weltkrieg Ortsamt und Polizeirevier Unterkunft gab. Heute bildet es den Ortskern Sasels.<\/p>\n\n\n\n<p>Der Stormarner Schwan im zweiten Feld erinnert an die Herkunft und Zugeh\u00f6rigkeit der Wehr bei Ihrer Gr\u00fcndung 1883 als 13. Mitglied im damaligen Kreisfeuerwehrverband Stormarn und ist heute noch durch die Zugeh\u00f6rigkeit in der Kameradschaftshilfe (ehemals Sterbekasse) angeschlossen.<\/p>\n\n\n\n<p>Im dritten Feld wird die Zugeh\u00f6rigkeit zur Freien und Hansestadt Hamburg im Stil des Hamburger Wappens um 1937 bei der Eingemeindung (Gro\u00df Hamburger Gesetz) dargestellt.<\/p>\n\n\n\n<p>Die im Herzschild gezeigte Feuerwehr \u2013Allegorie (Sinnbild) ist die Wehr als solches, die sich sch\u00fctzend \u2013 symbolisch \u2013 \u00fcber ihren Stadtteil legt.<\/p>\n\n\n\n<p><strong>Die Farben (heraldische Tinkturen)<\/strong><\/p>\n\n\n\n<p>Die Hauptfarben&nbsp;sind wei\u00df-rot, identisch derer der Hamburger Staatsfarben. Erweitert um die Farbe Blau, f\u00fcr Schleswig-Holstein zur Gr\u00fcnderzeit der Wehr stehend, sowie gold f\u00fcr Schleswig, als damaligen Provinzial-Regierungssitz und als Amtsverwaltung f\u00fcr die Feuerwehren im damaligen holsteinischen Stormarn.<\/p>\n\n\n\n<p>Gestaltet wurde dieses Wappen 2008 nach tiefgr\u00fcndiger Forschung der Gegebenheiten durch den K\u00fcnstler Heroldskunst Scherner aus Glinde.<\/p>\n<\/div>\n<\/div>\n","protected":false},"excerpt":{"rendered":"<p>Wissenswertes Unser Wappen Gestaltet und ver\u00f6ffentlicht im Jahre 2008, anl\u00e4sslich des 125. Jahres des Bestehens der Freiwilligen Feuerwehr Sasel. Heute ziert es nicht nur stolz unsere Fahrzeuge, sondern findet sich auch auf unseren Helmen und in unseren R\u00e4umlichkeiten wieder. Das Wappen der FF Sasel zeigt im ersten Feld das alte Saseler Rathaus, welches zur Zeit&hellip; <br \/> <a class=\"read-more\" href=\"https:\/\/ff-sasel.de\/?page_id=51\">Weiterlesen<\/a><\/p>\n","protected":false},"author":1,"featured_media":145,"parent":0,"menu_order":0,"comment_status":"closed","ping_status":"closed","template":"","meta":{"footnotes":""},"class_list":["post-51","page","type-page","status-publish","has-post-thumbnail","hentry"],"_links":{"self":[{"href":"https:\/\/ff-sasel.de\/index.php?rest_route=\/wp\/v2\/pages\/51","targetHints":{"allow":["GET"]}}],"collection":[{"href":"https:\/\/ff-sasel.de\/index.php?rest_route=\/wp\/v2\/pages"}],"about":[{"href":"https:\/\/ff-sasel.de\/index.php?rest_route=\/wp\/v2\/types\/page"}],"author":[{"embeddable":true,"href":"https:\/\/ff-sasel.de\/index.php?rest_route=\/wp\/v2\/users\/1"}],"replies":[{"embeddable":true,"href":"https:\/\/ff-sasel.de\/index.php?rest_route=%2Fwp%2Fv2%2Fcomments&post=51"}],"version-history":[{"count":17,"href":"https:\/\/ff-sasel.de\/index.php?rest_route=\/wp\/v2\/pages\/51\/revisions"}],"predecessor-version":[{"id":193,"href":"https:\/\/ff-sasel.de\/index.php?rest_route=\/wp\/v2\/pages\/51\/revisions\/193"}],"wp:featuredmedia":[{"embeddable":true,"href":"https:\/\/ff-sasel.de\/index.php?rest_route=\/wp\/v2\/media\/145"}],"wp:attachment":[{"href":"https:\/\/ff-sasel.de\/index.php?rest_route=%2Fwp%2Fv2%2Fmedia&parent=51"}],"curies":[{"name":"wp","href":"https:\/\/api.w.org\/{rel}","templated":true}]}}