{"id":47,"date":"2025-05-16T17:09:30","date_gmt":"2025-05-16T17:09:30","guid":{"rendered":"https:\/\/ff-sasel.de\/?page_id=47"},"modified":"2025-05-16T18:42:36","modified_gmt":"2025-05-16T18:42:36","slug":"ehrenabteilung","status":"publish","type":"page","link":"https:\/\/ff-sasel.de\/?page_id=47","title":{"rendered":"Ehrenabteilung"},"content":{"rendered":"\n<p><a><br><\/a>Wenn es nach einem langen Arbeitsleben auf die Rente zugeht, hat man sich den wohlverdienten Ruhestand redlich verdient. \u00c4hnlich ist es bei der Feuerwehr: Nach vielen Jahren im Einsatzdienst, bzw. sp\u00e4testens in einem Alter von 63 Jahren muss man es ein bisschen ruhiger angehen lassen. Die Kameraden haben viele Jahre lang in der Wehr mitgewirkt und Vieles erlebt.<\/p>\n\n\n\n<p>Auch wenn man im Ruhestand bei der Freiwilligen Feuerwehr nicht mehr am Einsatzgeschehen teilnimmt, sind die Kameraden der Ehrenabteilung dennoch weiterhin ein wichtiger Bestandteil des aktiven Wehrlebens. So nehmen sie beispielsweise noch regelm\u00e4\u00dfig an Dienstabenden teil, arbeiten \u00dcbungen aus oder helfen bei der Erhaltung des Geb\u00e4udes tatkr\u00e4ftig mit. Bei unserem&nbsp;Osterfeuer&nbsp;helfen sie tatkr\u00e4ftig mit, unterst\u00fctzen uns bei&nbsp;Laternenumz\u00fcgen&nbsp;und sorgen f\u00fcr Verpflegung bei l\u00e4ngeren&nbsp;Eins\u00e4tzen.<\/p>\n","protected":false},"excerpt":{"rendered":"<p>Wenn es nach einem langen Arbeitsleben auf die Rente zugeht, hat man sich den wohlverdienten Ruhestand redlich verdient. \u00c4hnlich ist es bei der Feuerwehr: Nach vielen Jahren im Einsatzdienst, bzw. sp\u00e4testens in einem Alter von 63 Jahren muss man es ein bisschen ruhiger angehen lassen. Die Kameraden haben viele Jahre lang in der Wehr mitgewirkt&hellip; <br \/> <a class=\"read-more\" href=\"https:\/\/ff-sasel.de\/?page_id=47\">Weiterlesen<\/a><\/p>\n","protected":false},"author":1,"featured_media":0,"parent":0,"menu_order":0,"comment_status":"closed","ping_status":"closed","template":"","meta":{"footnotes":""},"class_list":["post-47","page","type-page","status-publish","hentry"],"_links":{"self":[{"href":"https:\/\/ff-sasel.de\/index.php?rest_route=\/wp\/v2\/pages\/47","targetHints":{"allow":["GET"]}}],"collection":[{"href":"https:\/\/ff-sasel.de\/index.php?rest_route=\/wp\/v2\/pages"}],"about":[{"href":"https:\/\/ff-sasel.de\/index.php?rest_route=\/wp\/v2\/types\/page"}],"author":[{"embeddable":true,"href":"https:\/\/ff-sasel.de\/index.php?rest_route=\/wp\/v2\/users\/1"}],"replies":[{"embeddable":true,"href":"https:\/\/ff-sasel.de\/index.php?rest_route=%2Fwp%2Fv2%2Fcomments&post=47"}],"version-history":[{"count":8,"href":"https:\/\/ff-sasel.de\/index.php?rest_route=\/wp\/v2\/pages\/47\/revisions"}],"predecessor-version":[{"id":226,"href":"https:\/\/ff-sasel.de\/index.php?rest_route=\/wp\/v2\/pages\/47\/revisions\/226"}],"wp:attachment":[{"href":"https:\/\/ff-sasel.de\/index.php?rest_route=%2Fwp%2Fv2%2Fmedia&parent=47"}],"curies":[{"name":"wp","href":"https:\/\/api.w.org\/{rel}","templated":true}]}}