{"id":45,"date":"2025-05-16T17:10:40","date_gmt":"2025-05-16T17:10:40","guid":{"rendered":"https:\/\/ff-sasel.de\/?page_id=45"},"modified":"2025-05-16T18:13:41","modified_gmt":"2025-05-16T18:13:41","slug":"verein-der-freunde-der-freiwilligen-feuerwehr-sasel-e-v","status":"publish","type":"page","link":"https:\/\/ff-sasel.de\/?page_id=45","title":{"rendered":"Verein der Freunde der Freiwilligen Feuerwehr Sasel e.V."},"content":{"rendered":"\n<p>Seit Januar 2008 gibt es die M\u00f6glichkeit, die Arbeit der Freiwilligen Feuerwehr Sasel auch au\u00dferhalb der aktiven Mitgliedschaft zu unterst\u00fctzen. Der Verein f\u00f6rdert die T\u00e4tigkeiten der Freiwilligen Feuerwehr Sasel durch ideelle, finanzielle, materielle und pers\u00f6nliche Unterst\u00fctzung.<\/p>\n\n\n\n<p>Jeder hat die M\u00f6glichkeit, dem Verein beizutreten und damit die Wehr direkt zu unterst\u00fctzen. Neben der Erm\u00f6glichung von Veranstaltungen werden durch den F\u00f6rderverein Ausr\u00fcstungsgegenst\u00e4nde beschafft und Renovierungsma\u00dfnahmen getragen. Dank einer leistungsstarken Nebelmaschine k\u00f6nnen \u00dcbungen realit\u00e4tsnah dargestellt werden und dank des MTW k\u00f6nnen die Jugendfeuerwehr und die&nbsp;Minifeuerwehr&nbsp;Ausfl\u00fcge machen. Alles erm\u00f6glicht durch B\u00fcrger, welche die Freiwillige Feuerwehr Sasel durch den Verein unterst\u00fctzen.<\/p>\n\n\n\n<p><strong>Ziele des F\u00f6rdervereins:<\/strong><\/p>\n\n\n\n<ul class=\"wp-block-list\">\n<li class=\"has-black-color has-text-color has-link-color wp-elements-2491e218b091327460c0414d3de18b42\">Die Aus- und Fortbildung der Wehrangeh\u00f6rigen.<\/li>\n\n\n\n<li class=\"has-black-color has-text-color has-link-color wp-elements-7f370ef160b7f433f3c7ca4f62f74d19\">Die Jugendarbeit der Mini- und Jugendfeuerwehr und deren Ausgestaltung.<\/li>\n\n\n\n<li class=\"has-black-color has-text-color has-link-color wp-elements-5466da09a00da6001ab6702f0df43b6a\">Die zus\u00e4tzliche Ausstattung der R\u00e4umlichkeiten der Wehr.<\/li>\n\n\n\n<li class=\"has-black-color has-text-color has-link-color wp-elements-9c540939250aef85748ed948178e060e\">Die Beschaffung und der Unterhalt von Ausbildungsger\u00e4t.<\/li>\n\n\n\n<li class=\"has-black-color has-text-color has-link-color wp-elements-2cafab0fcf9d357e87fca31ed588f1d4\">Die Zusammenarbeit mit anderen Organisationen, Vereinen und Einrichtungen in Sasel.<\/li>\n<\/ul>\n\n\n\n<p>Neben einer Mitgliedschaft sind auch einzelne Spenden m\u00f6glich. Da wir ein eingetragener Verein sind, k\u00f6nnen wir Ihnen auch gerne eine Spendenbescheinigung ausstellen.<\/p>\n\n\n\n<div class=\"wp-block-group is-nowrap is-layout-flex wp-container-core-group-is-layout-ad2f72ca wp-block-group-is-layout-flex\">\n<p>Sie wollen uns auch unterst\u00fctzen? <\/p>\n<\/div>\n\n\n\n<div class=\"wp-block-buttons is-layout-flex wp-block-buttons-is-layout-flex\">\n<div class=\"wp-block-button\"><a class=\"wp-block-button__link wp-element-button\" href=\"https:\/\/ff-sasel.de\/?page_id=158\">Kontakt<\/a><\/div>\n<\/div>\n\n\n\n<p><a href=\"https:\/\/ff-sasel.de\/wp-content\/uploads\/2025\/05\/Satzung.pdf\" data-type=\"page\" data-id=\"45\" target=\"_blank\" rel=\"noreferrer noopener\">Hier finden Sie die Satzung unseres Vereins.<\/a><\/p>\n","protected":false},"excerpt":{"rendered":"<p>Seit Januar 2008 gibt es die M\u00f6glichkeit, die Arbeit der Freiwilligen Feuerwehr Sasel auch au\u00dferhalb der aktiven Mitgliedschaft zu unterst\u00fctzen. Der Verein f\u00f6rdert die T\u00e4tigkeiten der Freiwilligen Feuerwehr Sasel durch ideelle, finanzielle, materielle und pers\u00f6nliche Unterst\u00fctzung. Jeder hat die M\u00f6glichkeit, dem Verein beizutreten und damit die Wehr direkt zu unterst\u00fctzen. Neben der Erm\u00f6glichung von Veranstaltungen&hellip; <br \/> <a class=\"read-more\" href=\"https:\/\/ff-sasel.de\/?page_id=45\">Weiterlesen<\/a><\/p>\n","protected":false},"author":1,"featured_media":0,"parent":0,"menu_order":0,"comment_status":"closed","ping_status":"closed","template":"","meta":{"footnotes":""},"class_list":["post-45","page","type-page","status-publish","hentry"],"_links":{"self":[{"href":"https:\/\/ff-sasel.de\/index.php?rest_route=\/wp\/v2\/pages\/45","targetHints":{"allow":["GET"]}}],"collection":[{"href":"https:\/\/ff-sasel.de\/index.php?rest_route=\/wp\/v2\/pages"}],"about":[{"href":"https:\/\/ff-sasel.de\/index.php?rest_route=\/wp\/v2\/types\/page"}],"author":[{"embeddable":true,"href":"https:\/\/ff-sasel.de\/index.php?rest_route=\/wp\/v2\/users\/1"}],"replies":[{"embeddable":true,"href":"https:\/\/ff-sasel.de\/index.php?rest_route=%2Fwp%2Fv2%2Fcomments&post=45"}],"version-history":[{"count":9,"href":"https:\/\/ff-sasel.de\/index.php?rest_route=\/wp\/v2\/pages\/45\/revisions"}],"predecessor-version":[{"id":217,"href":"https:\/\/ff-sasel.de\/index.php?rest_route=\/wp\/v2\/pages\/45\/revisions\/217"}],"wp:attachment":[{"href":"https:\/\/ff-sasel.de\/index.php?rest_route=%2Fwp%2Fv2%2Fmedia&parent=45"}],"curies":[{"name":"wp","href":"https:\/\/api.w.org\/{rel}","templated":true}]}}