{"id":43,"date":"2025-05-16T17:10:22","date_gmt":"2025-05-16T17:10:22","guid":{"rendered":"https:\/\/ff-sasel.de\/?page_id=43"},"modified":"2025-05-16T18:16:26","modified_gmt":"2025-05-16T18:16:26","slug":"minifeuerwehr","status":"publish","type":"page","link":"https:\/\/ff-sasel.de\/?page_id=43","title":{"rendered":"Minifeuerwehr"},"content":{"rendered":"\n<p>Unsere Minifeuerwehr besteht seit 2006 und wurde 2013 offiziell gegr\u00fcndet. Sie war die erste ihrer Art in Hamburg. 16 Kinder im Alter von 6 bis 10 Jahren treffen sich einmal im Monat und besch\u00e4ftigen sich auf spielerische Art mit dem Thema Feuerwehr. So werden unsere beiden L\u00f6schfahrzeuge erkundet, ein kleiner L\u00f6schangriff aufgebaut oder eine Minifunk\u00fcbung quer durch Sasel unternommen. Manchmal aber auch Sachen, die nichts mit Feuerwehr zu tun haben: Wie eine riesige H\u00fcpfburg in der Fahrzeughalle.<\/p>\n\n\n\n<p>Zu den Diensten am Montag kommen regelm\u00e4\u00dfig Tagesausfl\u00fcge am Wochenende. So zu der Polizei oder anderen Feuerwehren, wie der Flughafenfeuerwehr, Berufsfeuerwehrwachen, aber auch andere Freiwilligen Feuerwehren in und um Hamburg.<\/p>\n\n\n\n<p>Aber auch Ausfl\u00fcge in Kletterparks oder beispielsweise den Wildpark Schwarze Berge geh\u00f6ren regelm\u00e4\u00dfig dazu. Au\u00dferdem wird einmal im Jahr eine gr\u00f6\u00dfere Wochenendausfahrt \u00fcber das gesamte Wochenende unternommen.<\/p>\n\n\n\n<p>Ab dem 10. Geburtstag k\u00f6nnen die Minis dann in die Jugendfeuerwehr \u00fcbertreten.<\/p>\n\n\n\n<div class=\"wp-block-buttons is-layout-flex wp-block-buttons-is-layout-flex\">\n<div class=\"wp-block-button\"><a class=\"wp-block-button__link wp-element-button\" href=\"https:\/\/ff-sasel.de\/?page_id=133\">Kontakt MF<\/a><\/div>\n<\/div>\n","protected":false},"excerpt":{"rendered":"<p>Unsere Minifeuerwehr besteht seit 2006 und wurde 2013 offiziell gegr\u00fcndet. Sie war die erste ihrer Art in Hamburg. 16 Kinder im Alter von 6 bis 10 Jahren treffen sich einmal im Monat und besch\u00e4ftigen sich auf spielerische Art mit dem Thema Feuerwehr. So werden unsere beiden L\u00f6schfahrzeuge erkundet, ein kleiner L\u00f6schangriff aufgebaut oder eine Minifunk\u00fcbung&hellip; <br \/> <a class=\"read-more\" href=\"https:\/\/ff-sasel.de\/?page_id=43\">Weiterlesen<\/a><\/p>\n","protected":false},"author":1,"featured_media":77,"parent":0,"menu_order":0,"comment_status":"closed","ping_status":"closed","template":"","meta":{"footnotes":""},"class_list":["post-43","page","type-page","status-publish","has-post-thumbnail","hentry"],"_links":{"self":[{"href":"https:\/\/ff-sasel.de\/index.php?rest_route=\/wp\/v2\/pages\/43","targetHints":{"allow":["GET"]}}],"collection":[{"href":"https:\/\/ff-sasel.de\/index.php?rest_route=\/wp\/v2\/pages"}],"about":[{"href":"https:\/\/ff-sasel.de\/index.php?rest_route=\/wp\/v2\/types\/page"}],"author":[{"embeddable":true,"href":"https:\/\/ff-sasel.de\/index.php?rest_route=\/wp\/v2\/users\/1"}],"replies":[{"embeddable":true,"href":"https:\/\/ff-sasel.de\/index.php?rest_route=%2Fwp%2Fv2%2Fcomments&post=43"}],"version-history":[{"count":6,"href":"https:\/\/ff-sasel.de\/index.php?rest_route=\/wp\/v2\/pages\/43\/revisions"}],"predecessor-version":[{"id":201,"href":"https:\/\/ff-sasel.de\/index.php?rest_route=\/wp\/v2\/pages\/43\/revisions\/201"}],"wp:featuredmedia":[{"embeddable":true,"href":"https:\/\/ff-sasel.de\/index.php?rest_route=\/wp\/v2\/media\/77"}],"wp:attachment":[{"href":"https:\/\/ff-sasel.de\/index.php?rest_route=%2Fwp%2Fv2%2Fmedia&parent=43"}],"curies":[{"name":"wp","href":"https:\/\/api.w.org\/{rel}","templated":true}]}}