{"id":41,"date":"2025-05-16T17:09:48","date_gmt":"2025-05-16T17:09:48","guid":{"rendered":"https:\/\/ff-sasel.de\/?page_id=41"},"modified":"2025-05-16T18:40:31","modified_gmt":"2025-05-16T18:40:31","slug":"jugendfeuerwehr","status":"publish","type":"page","link":"https:\/\/ff-sasel.de\/?page_id=41","title":{"rendered":"Jugendfeuerwehr"},"content":{"rendered":"\n<p>Die Jugendfeuerwehr der FF Sasel wurde bereits 1973 als Nachwuchsabteilung gegr\u00fcndet. Sie bietet Jungen und M\u00e4dchen im Alter zwischen 10 und 18 Jahren ein interessantes, abwechslungsreiches und ziemlich einmaliges Hobby: Feuerwehr.<\/p>\n\n\n\n<p>Einmal in der Woche trifft sich die Jugendfeuerwehr im Ger\u00e4tehaus der FF Sasel. Auf dem Dienstplan stehen Aktivit\u00e4ten wie das \u00dcben eines L\u00f6schangriffs, Funk\u00fcbungen, Kegeln mit dem Feuerwehrschlauch oder Fahrzeug- und Ger\u00e4tekunde. Aber auch sportliche Aktivit\u00e4ten d\u00fcrfen nicht zu kurz kommen, so gehen die Jugendlichen Schwimmen, ins Jumphouse oder spielen gemeinsam im Wald das Gel\u00e4ndespiel. Einmal j\u00e4hrlich gibt es kurz vor Weihnachten einen Spieleabend, bei dem zusammen Karten- und Brettspiele gespielt werden und Knabberkram gegessen wird.<\/p>\n\n\n\n<p>Die Jugendfeuerwehr Sasel nimmt au\u00dferdem jedes Jahr an der Nachtwanderung der JF Wellingsb\u00fcttel sowie am August-Ernst-Pokal teil.<\/p>\n\n\n\n<p>Nach der Jugendfeuerwehr haben die Jugendlichen ab dem 17. Lebensjahr die M\u00f6glichkeit zur&nbsp;<a href=\"https:\/\/ff-sasel.de\/?page_id=38\" data-type=\"page\" data-id=\"38\">Einsatzabteilung<\/a> \u00fcberzutreten, sie stellen dort den gr\u00f6\u00dften Teil des Nachwuchses dar. Dort k\u00f6nnen Sie dann ihr angelerntes Wissen bei \u00dcbungen, in der Grundausbildung und sp\u00e4ter bei den Eins\u00e4tzen anwenden.<\/p>\n\n\n\n<div class=\"wp-block-buttons is-layout-flex wp-block-buttons-is-layout-flex\">\n<div class=\"wp-block-button\"><a class=\"wp-block-button__link wp-element-button\" href=\"https:\/\/ff-sasel.de\/?page_id=131\">Kontakt JF<\/a><\/div>\n<\/div>\n","protected":false},"excerpt":{"rendered":"<p>Die Jugendfeuerwehr der FF Sasel wurde bereits 1973 als Nachwuchsabteilung gegr\u00fcndet. Sie bietet Jungen und M\u00e4dchen im Alter zwischen 10 und 18 Jahren ein interessantes, abwechslungsreiches und ziemlich einmaliges Hobby: Feuerwehr. Einmal in der Woche trifft sich die Jugendfeuerwehr im Ger\u00e4tehaus der FF Sasel. Auf dem Dienstplan stehen Aktivit\u00e4ten wie das \u00dcben eines L\u00f6schangriffs, Funk\u00fcbungen,&hellip; <br \/> <a class=\"read-more\" href=\"https:\/\/ff-sasel.de\/?page_id=41\">Weiterlesen<\/a><\/p>\n","protected":false},"author":1,"featured_media":0,"parent":0,"menu_order":0,"comment_status":"closed","ping_status":"closed","template":"","meta":{"footnotes":""},"class_list":["post-41","page","type-page","status-publish","hentry"],"_links":{"self":[{"href":"https:\/\/ff-sasel.de\/index.php?rest_route=\/wp\/v2\/pages\/41","targetHints":{"allow":["GET"]}}],"collection":[{"href":"https:\/\/ff-sasel.de\/index.php?rest_route=\/wp\/v2\/pages"}],"about":[{"href":"https:\/\/ff-sasel.de\/index.php?rest_route=\/wp\/v2\/types\/page"}],"author":[{"embeddable":true,"href":"https:\/\/ff-sasel.de\/index.php?rest_route=\/wp\/v2\/users\/1"}],"replies":[{"embeddable":true,"href":"https:\/\/ff-sasel.de\/index.php?rest_route=%2Fwp%2Fv2%2Fcomments&post=41"}],"version-history":[{"count":6,"href":"https:\/\/ff-sasel.de\/index.php?rest_route=\/wp\/v2\/pages\/41\/revisions"}],"predecessor-version":[{"id":224,"href":"https:\/\/ff-sasel.de\/index.php?rest_route=\/wp\/v2\/pages\/41\/revisions\/224"}],"wp:attachment":[{"href":"https:\/\/ff-sasel.de\/index.php?rest_route=%2Fwp%2Fv2%2Fmedia&parent=41"}],"curies":[{"name":"wp","href":"https:\/\/api.w.org\/{rel}","templated":true}]}}