{"id":38,"date":"2025-05-16T17:09:18","date_gmt":"2025-05-16T17:09:18","guid":{"rendered":"https:\/\/ff-sasel.de\/?page_id=38"},"modified":"2025-05-16T18:39:58","modified_gmt":"2025-05-16T18:39:58","slug":"einsatzabteilung","status":"publish","type":"page","link":"https:\/\/ff-sasel.de\/?page_id=38","title":{"rendered":"Einsatzabteilung"},"content":{"rendered":"\n<p><a><br><\/a><strong>Wir von der Einsatzabteilung sind das Herzst\u00fcck<br>der FF Sasel und sind 24 Stunden, 7 Tage die Woche f\u00fcr Hamburg einsatzbereit.<\/strong><\/p>\n\n\n\n<p>Wir werden von der Leitstelle der Feuerwehr Hamburg zu unseren Eins\u00e4tzen in Sasel und Umgebung alarmiert. So r\u00fccken wir zu Feuern, Verkehrsunf\u00e4llen, umgest\u00fcrzten B\u00e4umen, vollgelaufenen Kellern oder auch besch\u00e4digten Gasleitungen aus. Wenn es notwendig ist, k\u00f6nnen diese Eins\u00e4tze auch im gesamten Hamburger Stadtgebiet, angrenzenden Bundesl\u00e4ndern oder im Rahmen des Katastrophenschutzes, im gesamten Deutschen Bundesgebiet sein.<\/p>\n\n\n\n<p>Die Einsatzabteilung besteht momentan aus 43 KameradInnen im Alter zwischen 18 und 63 Jahren. Diese wohnen alle in Sasel. Tags\u00fcber werden wir zudem von Kamerad\/innen aus Wehren in umliegenden Stadtteilen unterst\u00fctzt, welche in unserem Einsatzgebiet arbeiten. So k\u00f6nnen wir unsere Einsatzbereitschaft auch tags\u00fcber sicherstellen.<\/p>\n\n\n\n<p>Da wir alle ehrenamtliche Feuerwehrleute sind, ist unsere Wache normalerweise nicht besetzt. Erst wenn unser&nbsp;Digitaler Meldeempf\u00e4nger&nbsp;wegen eines Alarms ausl\u00f6st, begeben wir uns zur Wache. Sei es von zu Hause, der Arbeit, dem Supermarkt, oder wo wir uns gerade befinden.<\/p>\n\n\n\n<div class=\"wp-block-buttons is-layout-flex wp-block-buttons-is-layout-flex\">\n<div class=\"wp-block-button\"><a class=\"wp-block-button__link wp-element-button\" href=\"https:\/\/ff-sasel.de\/?page_id=126\">Kontakt<\/a><\/div>\n<\/div>\n\n\n\n<p><\/p>\n","protected":false},"excerpt":{"rendered":"<p>Wir von der Einsatzabteilung sind das Herzst\u00fcckder FF Sasel und sind 24 Stunden, 7 Tage die Woche f\u00fcr Hamburg einsatzbereit. Wir werden von der Leitstelle der Feuerwehr Hamburg zu unseren Eins\u00e4tzen in Sasel und Umgebung alarmiert. So r\u00fccken wir zu Feuern, Verkehrsunf\u00e4llen, umgest\u00fcrzten B\u00e4umen, vollgelaufenen Kellern oder auch besch\u00e4digten Gasleitungen aus. Wenn es notwendig ist,&hellip; <br \/> <a class=\"read-more\" href=\"https:\/\/ff-sasel.de\/?page_id=38\">Weiterlesen<\/a><\/p>\n","protected":false},"author":1,"featured_media":83,"parent":0,"menu_order":0,"comment_status":"closed","ping_status":"closed","template":"","meta":{"footnotes":""},"class_list":["post-38","page","type-page","status-publish","has-post-thumbnail","hentry"],"_links":{"self":[{"href":"https:\/\/ff-sasel.de\/index.php?rest_route=\/wp\/v2\/pages\/38","targetHints":{"allow":["GET"]}}],"collection":[{"href":"https:\/\/ff-sasel.de\/index.php?rest_route=\/wp\/v2\/pages"}],"about":[{"href":"https:\/\/ff-sasel.de\/index.php?rest_route=\/wp\/v2\/types\/page"}],"author":[{"embeddable":true,"href":"https:\/\/ff-sasel.de\/index.php?rest_route=\/wp\/v2\/users\/1"}],"replies":[{"embeddable":true,"href":"https:\/\/ff-sasel.de\/index.php?rest_route=%2Fwp%2Fv2%2Fcomments&post=38"}],"version-history":[{"count":7,"href":"https:\/\/ff-sasel.de\/index.php?rest_route=\/wp\/v2\/pages\/38\/revisions"}],"predecessor-version":[{"id":223,"href":"https:\/\/ff-sasel.de\/index.php?rest_route=\/wp\/v2\/pages\/38\/revisions\/223"}],"wp:featuredmedia":[{"embeddable":true,"href":"https:\/\/ff-sasel.de\/index.php?rest_route=\/wp\/v2\/media\/83"}],"wp:attachment":[{"href":"https:\/\/ff-sasel.de\/index.php?rest_route=%2Fwp%2Fv2%2Fmedia&parent=38"}],"curies":[{"name":"wp","href":"https:\/\/api.w.org\/{rel}","templated":true}]}}